{"id":1420,"date":"2018-10-04T14:19:02","date_gmt":"2018-10-04T14:19:02","guid":{"rendered":"https:\/\/www.ifprl.com\/propuestas-de-valor\/"},"modified":"2022-02-28T13:00:22","modified_gmt":"2022-02-28T13:00:22","slug":"propostes-de-valor","status":"publish","type":"page","link":"https:\/\/www.ifprl.com\/ca\/propostes-de-valor\/","title":{"rendered":"Propostes de valor"},"content":{"rendered":"\n<style type=\"text\/css\" data-created_by=\"avia_inline_auto\" id=\"style-css-av-av_section-537634d4e48078fa76beb7315c6e7ed3\">\n.avia-section.av-av_section-537634d4e48078fa76beb7315c6e7ed3{\nbackground-color:#eaeaea;\nbackground-image:unset;\n}\n.avia-section.av-av_section-537634d4e48078fa76beb7315c6e7ed3 .av-extra-border-element .av-extra-border-inner{\nbackground-color:#eaeaea;\n}\n<\/style>\n<div id='av_section_1'  class='avia-section av-av_section-537634d4e48078fa76beb7315c6e7ed3 main_color avia-section-default avia-no-shadow  avia-builder-el-0  el_before_av_layout_row  avia-builder-el-first  avia-bg-style-scroll av-arrow-down-section container_wrap sidebar_right'  ><div class='container av-section-cont-open' ><main  role=\"main\" itemprop=\"mainContentOfPage\"  class='template-page content  av-content-small alpha units'><div class='post-entry post-entry-type-page post-entry-1420'><div class='entry-content-wrapper clearfix'>\n\n<style type=\"text\/css\" data-created_by=\"avia_inline_auto\" id=\"style-css-av-l06p3aan-aca29b91c45a1aa027d70700df6778c7\">\n#top .av-special-heading.av-l06p3aan-aca29b91c45a1aa027d70700df6778c7{\npadding-bottom:0;\n}\nbody .av-special-heading.av-l06p3aan-aca29b91c45a1aa027d70700df6778c7 .av-special-heading-tag .heading-char{\nfont-size:25px;\n}\n.av-special-heading.av-l06p3aan-aca29b91c45a1aa027d70700df6778c7 .av-subheading{\nfont-size:15px;\n}\n<\/style>\n<div  class='av-special-heading av-l06p3aan-aca29b91c45a1aa027d70700df6778c7 av-special-heading-h3 blockquote modern-quote modern-centered  avia-builder-el-1  avia-builder-el-no-sibling  av-thin-font'><h3 class='av-special-heading-tag '  itemprop=\"headline\"  >PROPOSTES DE VALOR:<strong>IFPRL<\/strong><\/h3><div class=\"special-heading-border\"><div class=\"special-heading-inner-border\"><\/div><\/div><\/div>\n<\/div><\/div><\/main><!-- close content main element --><\/div><div class='av-extra-border-element border-extra-arrow-down'><div class='av-extra-border-outer'><div class='av-extra-border-inner'><\/div><\/div><\/div><\/div><div id='av-layout-grid-1'  class='av-layout-grid-container av-av_layout_row-bc6dd6c687e2616f8b96d4d94ce22de4 entry-content-wrapper main_color av-flex-cells  avia-builder-el-2  el_after_av_section  el_before_av_layout_row  grid-row-not-first  container_wrap sidebar_right'  >\n\n<style type=\"text\/css\" data-created_by=\"avia_inline_auto\" id=\"style-css-av-av_cell_one_half-f57c70f9f5a63fd800eb5b955b847c2a\">\n.flex_cell.av-av_cell_one_half-f57c70f9f5a63fd800eb5b955b847c2a{\nvertical-align:top;\nheight:400px;\nmin-height:400px;\n}\n.responsive #top #wrap_all .flex_cell.av-av_cell_one_half-f57c70f9f5a63fd800eb5b955b847c2a{\npadding:30px 30px 30px 30px !important;\n}\n<\/style>\n<div class='flex_cell av-av_cell_one_half-f57c70f9f5a63fd800eb5b955b847c2a av-gridrow-cell av_one_half no_margin  avia-builder-el-3  el_before_av_cell_one_half  avia-builder-el-first '  ><div class='flex_cell_inner'><p>\n<style type=\"text\/css\" data-created_by=\"avia_inline_auto\" id=\"style-css-av-l06p3h2o-1d70f760e4e8832bffa946d9b5fe91a2\">\n#top .av-special-heading.av-l06p3h2o-1d70f760e4e8832bffa946d9b5fe91a2{\npadding-bottom:20px;\n}\nbody .av-special-heading.av-l06p3h2o-1d70f760e4e8832bffa946d9b5fe91a2 .av-special-heading-tag .heading-char{\nfont-size:25px;\n}\n.av-special-heading.av-l06p3h2o-1d70f760e4e8832bffa946d9b5fe91a2 .av-subheading{\nfont-size:15px;\n}\n<\/style>\n<div  class='av-special-heading av-l06p3h2o-1d70f760e4e8832bffa946d9b5fe91a2 av-special-heading-h2 blockquote modern-quote modern-centered  avia-builder-el-4  el_before_av_textblock  avia-builder-el-first '><h2 class='av-special-heading-tag '  itemprop=\"headline\"  >Empresa \u00e0gil i vers\u00e0til<\/h2><div class=\"special-heading-border\"><div class=\"special-heading-inner-border\"><\/div><\/div><\/div><br \/>\n\n<style type=\"text\/css\" data-created_by=\"avia_inline_auto\" id=\"style-css-av-l06p3vj0-e333a241ef4e00ee4a9d7d43ff3501ab\">\n#top .av_textblock_section.av-l06p3vj0-e333a241ef4e00ee4a9d7d43ff3501ab .avia_textblock{\nfont-size:15px;\n}\n<\/style>\n<section  class='av_textblock_section av-l06p3vj0-e333a241ef4e00ee4a9d7d43ff3501ab '   itemscope=\"itemscope\" itemtype=\"https:\/\/schema.org\/CreativeWork\" ><div class='avia_textblock'  itemprop=\"text\" ><p class=\"p1\" style=\"text-align: center;\"><strong>Disposem de m\u00e9s de 40 cursos en cat\u00e0leg<\/strong><\/p>\n<p class=\"p1\" style=\"text-align: center;\"><strong>i un equip de m\u00e9s de 20 formadors i 8 gestors.<\/strong><\/p>\n<p class=\"p1\" style=\"text-align: center;\"><strong>Ens comprometem a donar una resposta en un termini m\u00e0xim de 24 hores.<\/strong><\/p>\n<\/div><\/section><br \/>\n\n<style type=\"text\/css\" data-created_by=\"avia_inline_auto\" id=\"style-css-av-av_hr-616cd310f4c6bf63bbd1f033802c1165\">\n#top .hr.hr-invisible.av-av_hr-616cd310f4c6bf63bbd1f033802c1165{\nheight:20px;\n}\n<\/style>\n<div  class='hr av-av_hr-616cd310f4c6bf63bbd1f033802c1165 hr-invisible  avia-builder-el-6  el_after_av_textblock  el_before_av_button '><span class='hr-inner '><span class=\"hr-inner-style\"><\/span><\/span><\/div><br \/>\n<div  class='avia-button-wrap av-l06p41u2-db6e216649e130657e4b692f61694612-wrap avia-button-center  avia-builder-el-7  el_after_av_hr  avia-builder-el-last '><a href='https:\/\/www.ifprl.com\/ca\/cursos-presencials\/'  class='avia-button av-l06p41u2-db6e216649e130657e4b692f61694612 av-link-btn avia-icon_select-yes-left-icon avia-size-large avia-position-center avia-color-theme-color'   aria-label=\"Cursos\"><span class='avia_button_icon avia_button_icon_left' aria-hidden='true' data-av_icon='\ue81f' data-av_iconfont='entypo-fontello'><\/span><span class='avia_iconbox_title' >Cursos<\/span><\/a><\/div><\/p>\n<\/div><\/div>\n<style type=\"text\/css\" data-created_by=\"avia_inline_auto\" id=\"style-css-av-av_cell_one_half-bf62bc6f5f1cbec04b85383dfe78f3a6\">\n.flex_cell.av-av_cell_one_half-bf62bc6f5f1cbec04b85383dfe78f3a6{\nvertical-align:top;\nheight:400px;\nmin-height:400px;\nbackground:url(https:\/\/www.ifprl.com\/wp-content\/uploads\/2018\/09\/IFPRL\u00a9-r.jpg) 100% 0% no-repeat fixed ;\n}\n.responsive #top #wrap_all .flex_cell.av-av_cell_one_half-bf62bc6f5f1cbec04b85383dfe78f3a6{\npadding:30px 30px 30px 30px !important;\n}\n<\/style>\n<div class='flex_cell av-av_cell_one_half-bf62bc6f5f1cbec04b85383dfe78f3a6 av-gridrow-cell av_one_half no_margin  avia-builder-el-8  el_after_av_cell_one_half  avia-builder-el-last  avia-full-stretch'  ><div class='flex_cell_inner'><\/div><\/div><\/div><div id='av-layout-grid-2'  class='av-layout-grid-container av-av_layout_row-bc6dd6c687e2616f8b96d4d94ce22de4 entry-content-wrapper main_color av-flex-cells  avia-builder-el-9  el_after_av_layout_row  el_before_av_layout_row  grid-row-not-first  container_wrap sidebar_right'  >\n\n<style type=\"text\/css\" data-created_by=\"avia_inline_auto\" id=\"style-css-av-av_cell_one_half-b6e18e60c4cac08e759a06c4c93452ec\">\n.flex_cell.av-av_cell_one_half-b6e18e60c4cac08e759a06c4c93452ec{\nvertical-align:top;\nheight:400px;\nmin-height:400px;\nbackground:url(https:\/\/www.ifprl.com\/wp-content\/uploads\/2018\/09\/IFPRL\u00a9-r.jpg) 0% 0% no-repeat fixed ;\n}\n.responsive #top #wrap_all .flex_cell.av-av_cell_one_half-b6e18e60c4cac08e759a06c4c93452ec{\npadding:30px 30px 30px 30px !important;\n}\n<\/style>\n<div class='flex_cell av-av_cell_one_half-b6e18e60c4cac08e759a06c4c93452ec av-gridrow-cell av_one_half no_margin  avia-builder-el-10  el_before_av_cell_one_half  avia-builder-el-first '  ><div class='flex_cell_inner'><\/div><\/div>\n<style type=\"text\/css\" data-created_by=\"avia_inline_auto\" id=\"style-css-av-av_cell_one_half-aa43fb9be485318b050bf0c6d7ab6d77\">\n.flex_cell.av-av_cell_one_half-aa43fb9be485318b050bf0c6d7ab6d77{\nvertical-align:top;\nheight:400px;\nmin-height:400px;\n}\n.responsive #top #wrap_all .flex_cell.av-av_cell_one_half-aa43fb9be485318b050bf0c6d7ab6d77{\npadding:30px 30px 30px 30px !important;\n}\n<\/style>\n<div class='flex_cell av-av_cell_one_half-aa43fb9be485318b050bf0c6d7ab6d77 av-gridrow-cell av_one_half no_margin  avia-builder-el-11  el_after_av_cell_one_half  avia-builder-el-last  avia-full-stretch'  ><div class='flex_cell_inner'><p>\n<style type=\"text\/css\" data-created_by=\"avia_inline_auto\" id=\"style-css-av-l06p48xp-b7fb0e1287d69475efd3022cd35db3fd\">\n#top .av-special-heading.av-l06p48xp-b7fb0e1287d69475efd3022cd35db3fd{\npadding-bottom:20px;\n}\nbody .av-special-heading.av-l06p48xp-b7fb0e1287d69475efd3022cd35db3fd .av-special-heading-tag .heading-char{\nfont-size:25px;\n}\n.av-special-heading.av-l06p48xp-b7fb0e1287d69475efd3022cd35db3fd .av-subheading{\nfont-size:15px;\n}\n<\/style>\n<div  class='av-special-heading av-l06p48xp-b7fb0e1287d69475efd3022cd35db3fd av-special-heading-h2 blockquote modern-quote modern-centered  avia-builder-el-12  el_before_av_textblock  avia-builder-el-first '><h2 class='av-special-heading-tag '  itemprop=\"headline\"  >Orientats a respondre a les necessitats dels nostres clients<\/h2><div class=\"special-heading-border\"><div class=\"special-heading-inner-border\"><\/div><\/div><\/div><br \/>\n\n<style type=\"text\/css\" data-created_by=\"avia_inline_auto\" id=\"style-css-av-l06p5am9-4453002b072c209376a012d50c7778fc\">\n#top .av_textblock_section.av-l06p5am9-4453002b072c209376a012d50c7778fc .avia_textblock{\nfont-size:15px;\n}\n<\/style>\n<section  class='av_textblock_section av-l06p5am9-4453002b072c209376a012d50c7778fc '   itemscope=\"itemscope\" itemtype=\"https:\/\/schema.org\/CreativeWork\" ><div class='avia_textblock'  itemprop=\"text\" ><p style=\"text-align: center;\"><span class=\"Apple-converted-space\">\u00a0<\/span>Formaci\u00f3 <strong>espec\u00edfica, especialitzada i personalitzada<\/strong>.<\/p>\n<p style=\"text-align: center;\">\u00c0mplia <strong>varietat de solucions formatives<\/strong>: formaci\u00f3 expr\u00e9s per a grups molt redu\u00efts o individualitzada, inspeccions de mesurament de l\u2019impacte de la formaci\u00f3, assessorament t\u00e8cnic.<\/p>\n<p style=\"text-align: center;\">Prestem un servei de <strong>qualitat integral<\/strong> en totes les fases: disseny i organitzaci\u00f3 del curs, impartici\u00f3 i gesti\u00f3 documental.<\/p>\n<\/div><\/section><\/p>\n<\/div><\/div><\/div><div id='av-layout-grid-3'  class='av-layout-grid-container av-av_layout_row-bc6dd6c687e2616f8b96d4d94ce22de4 entry-content-wrapper main_color av-flex-cells  avia-builder-el-14  el_after_av_layout_row  avia-builder-el-last  grid-row-not-first  container_wrap sidebar_right'  >\n\n<style type=\"text\/css\" data-created_by=\"avia_inline_auto\" id=\"style-css-av-av_cell_one_half-f57c70f9f5a63fd800eb5b955b847c2a\">\n.flex_cell.av-av_cell_one_half-f57c70f9f5a63fd800eb5b955b847c2a{\nvertical-align:top;\nheight:400px;\nmin-height:400px;\n}\n.responsive #top #wrap_all .flex_cell.av-av_cell_one_half-f57c70f9f5a63fd800eb5b955b847c2a{\npadding:30px 30px 30px 30px !important;\n}\n<\/style>\n<div class='flex_cell av-av_cell_one_half-f57c70f9f5a63fd800eb5b955b847c2a av-gridrow-cell av_one_half no_margin  avia-builder-el-15  el_before_av_cell_one_half  avia-builder-el-first '  ><div class='flex_cell_inner'><p>\n<style type=\"text\/css\" data-created_by=\"avia_inline_auto\" id=\"style-css-av-l06p5iqo-1e0cb1c1230b0e3346503d599fdcb5bd\">\n#top .av-special-heading.av-l06p5iqo-1e0cb1c1230b0e3346503d599fdcb5bd{\npadding-bottom:20px;\n}\nbody .av-special-heading.av-l06p5iqo-1e0cb1c1230b0e3346503d599fdcb5bd .av-special-heading-tag .heading-char{\nfont-size:25px;\n}\n.av-special-heading.av-l06p5iqo-1e0cb1c1230b0e3346503d599fdcb5bd .av-subheading{\nfont-size:15px;\n}\n<\/style>\n<div  class='av-special-heading av-l06p5iqo-1e0cb1c1230b0e3346503d599fdcb5bd av-special-heading-h2 blockquote modern-quote modern-centered  avia-builder-el-16  el_before_av_textblock  avia-builder-el-first '><h2 class='av-special-heading-tag '  itemprop=\"headline\"  >Cobertura legal dels nostres serveis. Som un Servei de Prevenci\u00f3 Ali\u00e8<\/h2><div class=\"special-heading-border\"><div class=\"special-heading-inner-border\"><\/div><\/div><\/div><br \/>\n\n<style type=\"text\/css\" data-created_by=\"avia_inline_auto\" id=\"style-css-av-l06pl1qd-8ba72af4f8d31ef9194d54ea7f360840\">\n#top .av_textblock_section.av-l06pl1qd-8ba72af4f8d31ef9194d54ea7f360840 .avia_textblock{\nfont-size:15px;\n}\n<\/style>\n<section  class='av_textblock_section av-l06pl1qd-8ba72af4f8d31ef9194d54ea7f360840 '   itemscope=\"itemscope\" itemtype=\"https:\/\/schema.org\/CreativeWork\" ><div class='avia_textblock'  itemprop=\"text\" ><p class=\"p1\">La Llei 25\/2009 estableix que les empreses podran impartir la formaci\u00f3 de prevenci\u00f3 de riscos laborals nom\u00e9s amb recursos propis o a trav\u00e9s de serveis de prevenci\u00f3 aliens.<\/p>\n<p class=\"p1\"><strong>Empresa referent<\/strong>, publicaci\u00f3 de guies t\u00e8cniques amb organismes oficials com Osalan, i organitzaci\u00f3 i impartici\u00f3 de jornades t\u00e8cniques amb organismes com CEBEK o la FVEM.<\/p>\n<p class=\"p1\"><strong>Instal\u00b7lacions pr\u00f2pies<\/strong> especialment dissenyades per impartir formaci\u00f3 te\u00f2rica i pr\u00e0ctica.<\/p>\n<p class=\"p1\">Posem a disposici\u00f3 dels nostres clients la nostra Extranet on, de manera intu\u00eftiva i sense cap cost, poden accedir i gestionar tota la informaci\u00f3 dels cursos rebuts.<\/p>\n<\/div><\/section><\/p>\n<\/div><\/div>\n<style type=\"text\/css\" data-created_by=\"avia_inline_auto\" id=\"style-css-av-av_cell_one_half-8eb6f1eaeb3dfebc11894643dbddb8f7\">\n.flex_cell.av-av_cell_one_half-8eb6f1eaeb3dfebc11894643dbddb8f7{\nvertical-align:top;\nheight:400px;\nmin-height:400px;\nbackground:url(https:\/\/www.ifprl.com\/wp-content\/uploads\/2018\/09\/IFPRL\u00a9-r.jpg) 100% 100% no-repeat fixed ;\n}\n.responsive #top #wrap_all .flex_cell.av-av_cell_one_half-8eb6f1eaeb3dfebc11894643dbddb8f7{\npadding:30px 30px 30px 30px !important;\n}\n<\/style>\n<div class='flex_cell av-av_cell_one_half-8eb6f1eaeb3dfebc11894643dbddb8f7 av-gridrow-cell av_one_half no_margin  avia-builder-el-18  el_after_av_cell_one_half  avia-builder-el-last  avia-full-stretch'  ><div class='flex_cell_inner'><\/div><\/div><\/div><\/p>\n","protected":false},"excerpt":{"rendered":"","protected":false},"author":2,"featured_media":0,"parent":0,"menu_order":0,"comment_status":"closed","ping_status":"closed","template":"","meta":[],"_links":{"self":[{"href":"https:\/\/www.ifprl.com\/ca\/wp-json\/wp\/v2\/pages\/1420"}],"collection":[{"href":"https:\/\/www.ifprl.com\/ca\/wp-json\/wp\/v2\/pages"}],"about":[{"href":"https:\/\/www.ifprl.com\/ca\/wp-json\/wp\/v2\/types\/page"}],"author":[{"embeddable":true,"href":"https:\/\/www.ifprl.com\/ca\/wp-json\/wp\/v2\/users\/2"}],"replies":[{"embeddable":true,"href":"https:\/\/www.ifprl.com\/ca\/wp-json\/wp\/v2\/comments?post=1420"}],"version-history":[{"count":0,"href":"https:\/\/www.ifprl.com\/ca\/wp-json\/wp\/v2\/pages\/1420\/revisions"}],"wp:attachment":[{"href":"https:\/\/www.ifprl.com\/ca\/wp-json\/wp\/v2\/media?parent=1420"}],"curies":[{"name":"wp","href":"https:\/\/api.w.org\/{rel}","templated":true}]}}