{"id":1426,"date":"2018-09-19T11:51:23","date_gmt":"2018-09-19T11:51:23","guid":{"rendered":"https:\/\/www.ifprl.com\/localizacion-y-contacto\/"},"modified":"2024-01-15T10:10:27","modified_gmt":"2024-01-15T10:10:27","slug":"localitzacio-i-contacte","status":"publish","type":"page","link":"https:\/\/www.ifprl.com\/ca\/localitzacio-i-contacte\/","title":{"rendered":"Localitzaci\u00f3 i contacte"},"content":{"rendered":"\n<style type=\"text\/css\" data-created_by=\"avia_inline_auto\" id=\"style-css-av-av_section-76fddfe6a79c18de57d38e45291c465a\">\n.avia-section.av-av_section-76fddfe6a79c18de57d38e45291c465a .av-parallax .av-parallax-inner{\nbackground-repeat:no-repeat;\nbackground-image:url(https:\/\/www.ifprl.com\/wp-content\/uploads\/2018\/09\/FRONTAL-TALLER\u00a9R.jpg);\nbackground-position:0% 0%;\nbackground-attachment:scroll;\n}\n.avia-section.av-av_section-76fddfe6a79c18de57d38e45291c465a .av-section-color-overlay{\nopacity:0.8;\nbackground-color:#ededed;\nbackground-image:url(https:\/\/www.ifprl.com\/wp-content\/themes\/enfold-24\/images\/background-images\/dots-mini-light.png);\nbackground-repeat:repeat;\n}\n<\/style>\n<div id='av_section_1'  class='avia-section av-av_section-76fddfe6a79c18de57d38e45291c465a main_color avia-section-default avia-no-shadow  avia-builder-el-0  el_before_av_layout_row  avia-builder-el-first  av-parallax-section avia-bg-style-parallax av-section-color-overlay-active av-minimum-height av-minimum-height-custom av-height-custom  container_wrap sidebar_right'  data-section-bg-repeat='no-repeat' data-av_minimum_height_px='300'><div class='av-parallax' data-avia-parallax-ratio='0.3' ><div class='av-parallax-inner main_color avia-full-stretch'><\/div><\/div><div class=\"av-section-color-overlay-wrap\"><div class=\"av-section-color-overlay\"><\/div><div class='container av-section-cont-open' style='height:300px'><main  role=\"main\" itemprop=\"mainContentOfPage\"  class='template-page content  av-content-small alpha units'><div class='post-entry post-entry-type-page post-entry-1426'><div class='entry-content-wrapper clearfix'>\n<\/div><\/div><\/main><!-- close content main element --><\/div><\/div><\/div><div id='av-layout-grid-1'  class='av-layout-grid-container av-av_layout_row-edf07c93594a85695fda65c20c2393d8 entry-content-wrapper main_color av-flex-cells  avia-builder-el-1  el_after_av_section  el_before_av_section  grid-row-not-first  container_wrap sidebar_right'  >\n\n<style type=\"text\/css\" data-created_by=\"avia_inline_auto\" id=\"style-css-av-av_cell_one_third-f57c70f9f5a63fd800eb5b955b847c2a\">\n.flex_cell.av-av_cell_one_third-f57c70f9f5a63fd800eb5b955b847c2a{\nvertical-align:top;\n}\n.responsive #top #wrap_all .flex_cell.av-av_cell_one_third-f57c70f9f5a63fd800eb5b955b847c2a{\npadding:30px 30px 30px 30px !important;\n}\n<\/style>\n<div class='flex_cell av-av_cell_one_third-f57c70f9f5a63fd800eb5b955b847c2a av-gridrow-cell av_one_third no_margin  avia-builder-el-2  el_before_av_cell_two_third  avia-builder-el-first '  ><div class='flex_cell_inner'><p>\n<style type=\"text\/css\" data-created_by=\"avia_inline_auto\" id=\"style-css-av-av_image-5dfc4bd50963fc1e545fd256905bd9f8\">\n.avia-image-container.av-av_image-5dfc4bd50963fc1e545fd256905bd9f8 img.avia_image{\nbox-shadow:none;\n}\n.avia-image-container.av-av_image-5dfc4bd50963fc1e545fd256905bd9f8 .av-image-caption-overlay-center{\ncolor:#ffffff;\n}\n<\/style>\n<div  class='avia-image-container av-av_image-5dfc4bd50963fc1e545fd256905bd9f8 av-styling- avia-align-center  avia-builder-el-3  el_before_av_textblock  avia-builder-el-first '   itemprop=\"image\" itemscope=\"itemscope\" itemtype=\"https:\/\/schema.org\/ImageObject\" ><div class=\"avia-image-container-inner\"><div class=\"avia-image-overlay-wrap\"><img class='wp-image-986 avia-img-lazy-loading-not-986 avia_image ' src=\"https:\/\/www.ifprl.com\/wp-content\/uploads\/2018\/09\/Gravatar.png\" alt='' title='Gravatar'  height=\"80\" width=\"80\"  itemprop=\"thumbnailUrl\" srcset=\"https:\/\/www.ifprl.com\/wp-content\/uploads\/2018\/09\/Gravatar.png 80w, https:\/\/www.ifprl.com\/wp-content\/uploads\/2018\/09\/Gravatar-36x36.png 36w\" sizes=\"(max-width: 80px) 100vw, 80px\" \/><\/div><\/div><\/div><br \/>\n<section  class='av_textblock_section av-l2kak0vi-13f6263cacd3c6b377a6bb23da03a163 '   itemscope=\"itemscope\" itemtype=\"https:\/\/schema.org\/CreativeWork\" ><div class='avia_textblock'  itemprop=\"text\" ><h3 class=\"widgettitle\" style=\"text-align: left;\">IFPRL<\/h3>\n<hr \/>\n<div class=\"textwidget\" style=\"text-align: left;\"><\/div>\n<p><strong>Bizkaia<\/strong><\/p>\n<p>Elotxelerri Bidea, 16<br \/>\n48180 Loiu, Bizkaia<br \/>\nTel\u00e9fono: 944 85 18 97<br \/>\n<a href=\"mailto:info@ifprl.com\">info@ifprl.com<\/a><\/p>\n<p><strong>Barcelona<\/strong><\/p>\n<p>Carrer de Pau Claris 97- 4\u00aa 1\u00aa<br \/>\n08009- Barcelona<br \/>\nTel\u00e9fono:93 521 63 57<br \/>\nM\u00f3vil: 617 222 023<br \/>\n<a href=\"mailto:info.cat@ifprl.com\">info.cat@ifprl.com<\/a><br \/>\nInstalaciones para pr\u00e1cticas:<br \/>\nCornell\u00e0 de Llobregat y Montcada i Reixac<\/p>\n<div class=\"textwidget\" style=\"text-align: center;\"><\/div>\n<\/div><\/section><\/p>\n<\/div><\/div>\n<style type=\"text\/css\" data-created_by=\"avia_inline_auto\" id=\"style-css-av-av_cell_two_third-f57c70f9f5a63fd800eb5b955b847c2a\">\n.flex_cell.av-av_cell_two_third-f57c70f9f5a63fd800eb5b955b847c2a{\nvertical-align:top;\n}\n.responsive #top #wrap_all .flex_cell.av-av_cell_two_third-f57c70f9f5a63fd800eb5b955b847c2a{\npadding:30px 30px 30px 30px !important;\n}\n<\/style>\n<div class='flex_cell av-av_cell_two_third-f57c70f9f5a63fd800eb5b955b847c2a av-gridrow-cell av_two_third no_margin  avia-builder-el-5  el_after_av_cell_one_third  avia-builder-el-last '  ><div class='flex_cell_inner'><form action=\"https:\/\/www.ifprl.com\/ca\/localitzacio-i-contacte\/\" method=\"post\" data-fields-with-error=\"Found errors in the following field(s):\" class=\"avia_ajax_form av-form-labels-visible   avia-builder-el-6  avia-builder-el-no-sibling   \" data-avia-form-id=\"1\" data-avia-redirect='' ><h3 class=''>Contacte<\/h3><fieldset><p class='  first_form  form_element form_element_third' id='element_avia_1_1'><label for=\"avia_1_1\">Nom <abbr class=\"required\" title=\"obligatori\">*<\/abbr><\/label> <input name=\"avia_1_1\" class=\"text_input is_empty\" type=\"text\" id=\"avia_1_1\" value=\"\" \/><\/p><p class='  form_element form_element_third' id='element_avia_2_1'><label for=\"avia_2_1\">Correu electr\u00f2nic <abbr class=\"required\" title=\"obligatori\">*<\/abbr><\/label> <input name=\"avia_2_1\" class=\"text_input is_email\" type=\"text\" id=\"avia_2_1\" value=\"\" \/><\/p><p class='  form_element form_element_third' id='element_avia_3_1'><label for=\"avia_3_1\">Tel\u00e9fon<\/label> <input name=\"avia_3_1\" class=\"text_input \" type=\"text\" id=\"avia_3_1\" value=\"\" \/><\/p><p class='  first_form  form_element form_fullwidth' id='element_avia_4_1'><label for=\"avia_4_1\"> Assumpte <abbr class=\"required\" title=\"obligatori\">*<\/abbr><\/label> <input name=\"avia_4_1\" class=\"text_input is_empty\" type=\"text\" id=\"avia_4_1\" value=\"\" \/><\/p><p class='  first_form  form_element form_fullwidth' id='element_avia_5_1'><label for=\"avia_5_1\" class=\"textare_label hidden textare_label_avia_5_1\">Missatge<\/label><textarea  name=\"avia_5_1\" class=\"text_area \" cols=\"40\" rows=\"7\" id=\"avia_5_1\" ><\/textarea><\/p><p class='  first_form  form_element form_fullwidth av-last-visible-form-element' id='element_avia_6_1'><input  name=\"avia_6_1\" class=\"input_checkbox is_empty\" type=\"checkbox\" id=\"avia_6_1\" value=\"true\"\/><label class=\"input_checkbox_label\" for=\"avia_6_1\">Sus datos personales se incorporan a ficheros y tratamientos de los que es responsable IFPRL INSTITUTO DE FORMACION PRACTICA DE RIESGOS LABORALES SL, siendo su legitimaci\u00f3n la ejecuci\u00f3n de un contrato de compraventa o la prestaci\u00f3n de un servicio y su finalidad la gesti\u00f3n contable, fiscal y administrativa, el mantenimiento de la relaci\u00f3n y el ofrecimiento de otros productos y servicios por cualquier medio, siendo obligatorio su consentimiento. De no prestarlo, la operaci\u00f3n o el servicio no podr\u00e1 realizarse. Estos datos se conservar\u00e1n por tiempo indefinido en tanto no manifieste su voluntad en contra.  Sus datos no se ceder\u00e1n a ninguna entidad sin su consentimiento salvo las cesiones previstas legalmente.  Podr\u00e1 ejercitar los derechos de acceso, rectificaci\u00f3n, limitaci\u00f3n de tratamiento, supresi\u00f3n, portabilidad y oposici\u00f3n al tratamiento, as\u00ed como revocar el consentimiento prestado, dirigiendo escrito con copia de su DNI a Avda. Txoierri 16, 48180 Loiu (Bizkaia) o a la siguiente direcci\u00f3n de correo electr\u00f3nico habilitada a tales efectos: info@ifprl.com. Tambi\u00e9n podr\u00e1, en caso de no ver atendidos sus derechos, presentar su reclamaci\u00f3n a la Agencia Espa\u00f1ola de Protecci\u00f3n de Datos. Encontrar\u00e1 informaci\u00f3n detallada sobre el tratamiento de sus datos personales en www.ifprl.com <abbr class=\"required\" title=\"obligatori\">*<\/abbr><\/label><\/p><p class=\"hidden\"><input type=\"text\" name=\"avia_7_1\" class=\"hidden \" id=\"avia_7_1\" value=\"\" \/><\/p><p class=\"form_element \"><input type=\"hidden\" value=\"1\" name=\"avia_generated_form1\" \/><input type=\"submit\" value=\"Enviar\" class=\"button\"  data-sending-label=\"Enviant\"\/><\/p><\/fieldset><\/form><div id=\"ajaxresponse_1\" class=\"ajaxresponse ajaxresponse_1 hidden\"><\/div>\n<\/div><\/div><\/div>\n<style type=\"text\/css\" data-created_by=\"avia_inline_auto\" id=\"style-css-av-av_section-26edc778ac02bb92cda94f01fe5cbebd\">\n.avia-section.av-av_section-26edc778ac02bb92cda94f01fe5cbebd{\nbackground-color:#ebebeb;\nbackground-image:unset;\n}\n<\/style>\n<div id='av_section_2'  class='avia-section av-av_section-26edc778ac02bb92cda94f01fe5cbebd main_color avia-section-default avia-no-shadow  avia-builder-el-7  el_after_av_layout_row  avia-builder-el-last  avia-bg-style-scroll container_wrap sidebar_right'  ><div class='container av-section-cont-open' ><div class='template-page content  av-content-small alpha units'><div class='post-entry post-entry-type-page post-entry-1426'><div class='entry-content-wrapper clearfix'>\n<section  class='av_textblock_section av-l06qalpu-b652d529184ab2fabb47462591f7c48f '   itemscope=\"itemscope\" itemtype=\"https:\/\/schema.org\/CreativeWork\" ><div class='avia_textblock'  itemprop=\"text\" ><h3 class=\"widgettitle\" style=\"text-align: center;\"> LOCALITZACI\u00d3<\/h3>\n<hr \/>\n<div class=\"textwidget\">\n<p style=\"text-align: center;\">\n<\/div>\n<\/div><\/section>\n<div  class='flex_column av-av_one_half-a93934ecd89fbb8a9566d39e89cd3725 av_one_half  avia-builder-el-9  el_after_av_textblock  el_before_av_one_half  first flex_column_div  column-top-margin'     ><section  class='av_textblock_section av-av_textblock-e878f05c31dff72941bf1e49a00d9ff5 '   itemscope=\"itemscope\" itemtype=\"https:\/\/schema.org\/CreativeWork\" ><div class='avia_textblock'  itemprop=\"text\" ><h3 class=\"widgettitle\" style=\"text-align: left;\"><\/h3>\n<div class=\"textwidget\" style=\"text-align: left;\"><\/div>\n<div class=\"textwidget\" style=\"text-align: left;\"><\/div>\n<p style=\"text-align: center;\"><strong>Bizkaia<\/strong><\/p>\n<\/div><\/section><br \/>\n<\/p><\/div><div  class='flex_column av-av_one_half-d06667205e6186ec8414c6eb7605d406 av_one_half  avia-builder-el-12  el_after_av_one_half  avia-builder-el-last  flex_column_div  column-top-margin'     ><section  class='av_textblock_section av-av_textblock-e878f05c31dff72941bf1e49a00d9ff5 '   itemscope=\"itemscope\" itemtype=\"https:\/\/schema.org\/CreativeWork\" ><div class='avia_textblock'  itemprop=\"text\" ><h3 class=\"widgettitle\" style=\"text-align: left;\"><\/h3>\n<div class=\"textwidget\" style=\"text-align: left;\"><\/div>\n<div class=\"textwidget\" style=\"text-align: left;\"><\/div>\n<p style=\"text-align: center;\"><strong>Barcelona<\/strong><\/p>\n<\/div><\/section><br \/>\n<\/p><\/div>\n<\/div><\/div><\/div><!-- close content main div --><\/div><\/div><div id='after_section_2'  class='main_color av_default_container_wrap container_wrap sidebar_right'  ><div class='container av-section-cont-open' ><div class='template-page content  av-content-small alpha units'><div class='post-entry post-entry-type-page post-entry-1426'><div class='entry-content-wrapper clearfix'><\/p>\n","protected":false},"excerpt":{"rendered":"","protected":false},"author":2,"featured_media":0,"parent":0,"menu_order":0,"comment_status":"closed","ping_status":"closed","template":"","meta":[],"_links":{"self":[{"href":"https:\/\/www.ifprl.com\/ca\/wp-json\/wp\/v2\/pages\/1426"}],"collection":[{"href":"https:\/\/www.ifprl.com\/ca\/wp-json\/wp\/v2\/pages"}],"about":[{"href":"https:\/\/www.ifprl.com\/ca\/wp-json\/wp\/v2\/types\/page"}],"author":[{"embeddable":true,"href":"https:\/\/www.ifprl.com\/ca\/wp-json\/wp\/v2\/users\/2"}],"replies":[{"embeddable":true,"href":"https:\/\/www.ifprl.com\/ca\/wp-json\/wp\/v2\/comments?post=1426"}],"version-history":[{"count":0,"href":"https:\/\/www.ifprl.com\/ca\/wp-json\/wp\/v2\/pages\/1426\/revisions"}],"wp:attachment":[{"href":"https:\/\/www.ifprl.com\/ca\/wp-json\/wp\/v2\/media?parent=1426"}],"curies":[{"name":"wp","href":"https:\/\/api.w.org\/{rel}","templated":true}]}}